{"id":1460,"date":"2020-12-02T15:24:01","date_gmt":"2020-12-02T15:24:01","guid":{"rendered":"https:\/\/www.aiki.be\/?page_id=1460"},"modified":"2023-06-30T10:54:05","modified_gmt":"2023-06-30T10:54:05","slug":"cookiesbeleid","status":"publish","type":"page","link":"https:\/\/aiki.be\/fr\/cookiesbeleid\/","title":{"rendered":"Politique de cookies"},"content":{"rendered":"<div data-elementor-type=\"wp-page\" data-elementor-id=\"1460\" class=\"elementor elementor-1460\">\n\t\t\t\t\t\t<div class=\"elementor-inner\">\n\t\t\t\t<div class=\"elementor-section-wrap\">\n\t\t\t\t\t\t\t\t\t<section class=\"elementor-section elementor-top-section elementor-element elementor-element-744f0d7 elementor-section-stretched elementor-section-boxed elementor-section-height-default elementor-section-height-default\" data-id=\"744f0d7\" data-element_type=\"section\" data-settings=\"{&quot;stretch_section&quot;:&quot;section-stretched&quot;}\">\n\t\t\t\t\t\t<div class=\"elementor-container elementor-column-gap-no\">\n\t\t\t\t\t\t\t<div class=\"elementor-row\">\n\t\t\t\t\t<div class=\"elementor-column elementor-col-100 elementor-top-column elementor-element elementor-element-77aa7ce1\" data-id=\"77aa7ce1\" data-element_type=\"column\">\n\t\t\t<div class=\"elementor-column-wrap elementor-element-populated\">\n\t\t\t\t\t\t\t<div class=\"elementor-widget-wrap\">\n\t\t\t\t\t\t<div class=\"elementor-element elementor-element-451d979a elementor-widget elementor-widget-text-editor\" data-id=\"451d979a\" data-element_type=\"widget\" data-widget_type=\"text-editor.default\">\n\t\t\t\t<div class=\"elementor-widget-container\">\n\t\t\t\t\t\t\t\t<div class=\"elementor-text-editor elementor-clearfix\">\n\t\t\t\t<p style=\"margin: 0cm 0cm 8pt; line-height: 15.6933px; font-size: 11pt; font-family: Calibri, sans-serif; color: #000000; text-align: justify;\"><span lang=\"NL\">GB FOODS BELGIUM NV \/ S.A. (\u201cGB Foods\u201d)\u00a0<\/span><span style=\"font-size: 11pt;\">vous informe que ce site Web emploie des cookies tel que d\u00e9crit dans la pr\u00e9sente Politique.<\/span><\/p>\nQUE SONT LES COOKIES ?\n<p style=\"margin: 0cm 0cm 8pt; line-height: 15.6933px; font-size: 11pt; font-family: Calibri, sans-serif; color: #000000; text-align: justify;\"><span lang=\"NL\">Les cookies sont des fichiers texte contenant de petites quantit\u00e9s d\u2019informations qui sont stock\u00e9s sur votre ordinateur ou appareil \u00e9lectronique lorsque vous visitez un site Web. Ce site Web emploie des cookies de session et des cookies permanents qui peuvent \u00eatre des cookies propres ou de tiers.<\/span><\/p>\n<p style=\"margin: 0cm 0cm 8pt; line-height: 15.6933px; font-size: 11pt; font-family: Calibri, sans-serif; color: #000000; text-align: justify;\"><span lang=\"NL\">Les cookies de session sont des cookies con\u00e7us pour collecter et stocker des donn\u00e9es lorsque l\u2019utilisateur acc\u00e8de \u00e0 un site Web. Ils servent g\u00e9n\u00e9ralement \u00e0 stocker des informations dont la conservation est uniquement n\u00e9cessaire \u00e0 la prestation du service demand\u00e9 par l\u2019utilisateur une seule fois.<\/span><\/p>\n<p style=\"margin: 0cm 0cm 8pt; line-height: 15.6933px; font-size: 11pt; font-family: Calibri, sans-serif; color: #000000; text-align: justify;\"><span lang=\"NL\">Les cookies permanents servent \u00e0 stocker des donn\u00e9es sur l\u2019appareil afin que le responsable du cookie puisse y acc\u00e9der et les traiter pendant une p\u00e9riode ind\u00e9finie, pouvant aller de quelques minutes \u00e0 plusieurs ann\u00e9es.<\/span><\/p>\n<!-- \/wp:paragraph -->\n<div id=\"ot-sdk-cookie-policy\"><\/div>\t\t\t\t\t<\/div>\n\t\t\t\t\t\t<\/div>\n\t\t\t\t<\/div>\n\t\t\t\t<div class=\"elementor-element elementor-element-9bbc603 elementor-widget elementor-widget-html\" data-id=\"9bbc603\" data-element_type=\"widget\" data-widget_type=\"html.default\">\n\t\t\t\t<div class=\"elementor-widget-container\">\n\t\t\t<!-- OneTrust Cookies List start -->\r\n<div id=\"ot-sdk-cookie-policy\"><\/div>\r\n<!-- OneTrust Cookies List end -->\t\t<\/div>\n\t\t\t\t<\/div>\n\t\t\t\t<div class=\"elementor-element elementor-element-b0b580d elementor-widget elementor-widget-text-editor\" data-id=\"b0b580d\" data-element_type=\"widget\" data-widget_type=\"text-editor.default\">\n\t\t\t\t<div class=\"elementor-widget-container\">\n\t\t\t\t\t\t\t\t<div class=\"elementor-text-editor elementor-clearfix\">\n\t\t\t\t<p style=\"margin: 0cm 0cm 8pt; line-height: 15.6933px; font-size: 11pt; font-family: Calibri, sans-serif; color: #000000; text-align: justify;\"><span style=\"color: #6e1bad; font-family: 'Tragic Marker', sans-serif; font-size: 30px;\">COMMENT MODIFIER LA CONFIGURATION DES COOKIES ?<\/span><\/p><p style=\"margin: 0cm 0cm 8pt; line-height: 15.6933px; font-size: 11pt; font-family: Calibri, sans-serif; color: #000000; text-align: justify;\"><span lang=\"NL\">Vous pouvez r\u00e9gler la configuration des cookies ou refuser l\u2019utilisation des cookies par groupe en d\u00e9sactivant leur installation via le panneau de configuration des cookies \/ bouton suivant.<\/span><\/p><p><!-- \/wp:paragraph --><\/p>\t\t\t\t\t<\/div>\n\t\t\t\t\t\t<\/div>\n\t\t\t\t<\/div>\n\t\t\t\t<div class=\"elementor-element elementor-element-b162bfd elementor-widget elementor-widget-html\" data-id=\"b162bfd\" data-element_type=\"widget\" data-widget_type=\"html.default\">\n\t\t\t\t<div class=\"elementor-widget-container\">\n\t\t\t<!-- OneTrust Cookies Settings button start -->\r\n<button id=\"ot-sdk-btn\" class=\"ot-sdk-show-settings\">Cookie Settings<\/button>\r\n<!-- OneTrust Cookies Settings button end -->\t\t<\/div>\n\t\t\t\t<\/div>\n\t\t\t\t<div class=\"elementor-element elementor-element-39033a3 elementor-widget elementor-widget-text-editor\" data-id=\"39033a3\" data-element_type=\"widget\" data-widget_type=\"text-editor.default\">\n\t\t\t\t<div class=\"elementor-widget-container\">\n\t\t\t\t\t\t\t\t<div class=\"elementor-text-editor elementor-clearfix\">\n\t\t\t\t<p style=\"margin: 0cm 0cm 8pt; line-height: 15.6933px; font-size: 11pt; font-family: Calibri, sans-serif; color: #000000; text-align: justify;\"><span style=\"font-size: 11pt;\">Vous pouvez \u00e9galement accepter, bloquer ou supprimer les cookies install\u00e9s sur votre appareil en configurant les options du navigateur \u00e0 tout moment, en effectuant les \u00e9tapes indiqu\u00e9es dans les liens suivants :<\/span><\/p><p style=\"margin: 6pt 0cm 0cm 36pt; text-align: justify; line-height: 16.8667px; font-size: 11pt; font-family: Calibri, sans-serif; color: #000000; text-indent: -18pt;\" class=\" translation-block\"><span lang=\"FR\" style=\"font-family: Symbol\">\u00b7<span style=\"font-size: 7pt;line-height: normal;font-family: 'Times New Roman'\">\u00a0\u00a0\u00a0\u00a0\u00a0\u00a0 <\/span><\/span><span lang=\"FR\">Pour plus d\u2019informations sur Mozilla Firefox, cliquez <a style=\"color: #0563c1\" href=\"https:\/\/support.mozilla.org\/es\/kb\/habilitar-y-deshabilitar-cookies-sitios-web-rastrear-preferencias?redirectslug=habilitar-y-deshabilitar-cookies-que-los-sitios-we&amp;redirectlocale=es\" target=\"_self\">ici<\/a>.<\/span><\/p><p style=\"margin: 0cm 0cm 0cm 36pt; text-align: justify; line-height: 16.8667px; font-size: 11pt; font-family: Calibri, sans-serif; color: #000000; text-indent: -18pt;\" class=\" translation-block\"><span lang=\"FR\" style=\"font-family: Symbol\">\u00b7<span style=\"font-size: 7pt;line-height: normal;font-family: 'Times New Roman'\">\u00a0\u00a0\u00a0\u00a0\u00a0\u00a0 <\/span><\/span><span lang=\"FR\">Pour plus d\u2019informations sur Google Chrome, cliquez <a style=\"color: #0563c1\" href=\"https:\/\/support.google.com\/chrome\/answer\/95647?hl=fr\" target=\"_self\">ici<\/a>.<\/span><\/p><p style=\"margin: 0cm 0cm 0cm 36pt; text-align: justify; line-height: 16.8667px; font-size: 11pt; font-family: Calibri, sans-serif; color: #000000; text-indent: -18pt;\" class=\" translation-block\"><span lang=\"FR\" style=\"font-family: Symbol\">\u00b7<span style=\"font-size: 7pt;line-height: normal;font-family: 'Times New Roman'\">\u00a0\u00a0\u00a0\u00a0\u00a0\u00a0 <\/span><\/span><span lang=\"FR\">Pour plus d\u2019informations sur Internet Explorer, cliquez <a style=\"color: #0563c1\" href=\"https:\/\/support.microsoft.com\/fr-fr\/windows\/supprimer-et-grer-les-cookies-168dab11-0753-043d-7c16-ede5947fc64d\" target=\"_self\">ici<\/a>.<\/span><\/p><p style=\"margin: 0cm 0cm 0cm 36pt; text-align: justify; line-height: 16.8667px; font-size: 11pt; font-family: Calibri, sans-serif; color: #000000; text-indent: -18pt;\" class=\" translation-block\"><span lang=\"FR\" style=\"font-family: Symbol\">\u00b7<span style=\"font-size: 7pt;line-height: normal;font-family: 'Times New Roman'\">\u00a0\u00a0\u00a0\u00a0\u00a0\u00a0 <\/span><\/span><span lang=\"FR\">Pour plus d\u2019informations sur Microsoft Edge, cliquez <a style=\"color: #0563c1\" href=\"https:\/\/support.microsoft.com\/fr-fr\/windows\/microsoft-edge-donnes-de-navigation-et-confidentialit-bb8174ba-9d73-dcf2-9b4a-c582b4e640dd\" target=\"_self\">ici<\/a>.<\/span><\/p><p style=\"margin: 0cm 0cm 0cm 36pt; text-align: justify; line-height: 16.8667px; font-size: 11pt; font-family: Calibri, sans-serif; color: #000000; text-indent: -18pt;\" class=\" translation-block\"><span lang=\"FR\" style=\"font-family: Symbol\">\u00b7<span style=\"font-size: 7pt;line-height: normal;font-family: 'Times New Roman'\">\u00a0\u00a0\u00a0\u00a0\u00a0\u00a0 <\/span><\/span><span lang=\"FR\">Pour plus d\u2019informations sur Safari, cliquez <a style=\"color: #0563c1\" href=\"https:\/\/support.apple.com\/fr-fr\/HT201265\" target=\"_self\">ici<\/a>.<\/span><\/p><p style=\"margin: 0cm 0cm 6pt 36pt; text-align: justify; line-height: 16.8667px; font-size: 11pt; font-family: Calibri, sans-serif; color: #000000; text-indent: -18pt;\" class=\" translation-block\"><span lang=\"FR\" style=\"font-family: Symbol\">\u00b7<span style=\"font-size: 7pt;line-height: normal;font-family: 'Times New Roman'\">\u00a0\u00a0\u00a0\u00a0\u00a0\u00a0 <\/span><\/span><span lang=\"FR\">Pour plus d\u2019informations sur Opera, cliquez <a href=\"https:\/\/help.opera.com\/en\/latest\/web-preferences\/#cookies\">ici<\/a>.<\/span><\/p><p style=\"margin: 0cm 0cm 8pt; line-height: 15.6933px; font-size: 11pt; font-family: Calibri, sans-serif; color: #000000; text-align: justify;\"><span lang=\"NL\">\u00a0<\/span><\/p><p style=\"margin: 0cm 0cm 8pt; line-height: 15.6933px; font-size: 11pt; font-family: Calibri, sans-serif; color: #000000; text-align: justify;\"><span lang=\"NL\">L\u2019utilisateur peut r\u00e9voquer son consentement concernant l\u2019utilisation des cookies dans son navigateur en suivant les indications indiqu\u00e9es pr\u00e9c\u00e9demment ou via le syst\u00e8me de refus (\u00ab opt-out \u00bb) de son navigateur Web.<\/span><\/p><p style=\"margin: 6pt 0cm 0cm 36pt; text-align: justify; line-height: 16.8667px; color: #000000; text-indent: -18pt;\"><span lang=\"NL\" style=\"text-indent: -18pt; font-family: Symbol; font-size: 11pt;\">\u00b7<\/span><span lang=\"NL\" style=\"text-indent: -18pt;\"><span style=\"font-family: Times New Roman; font-size: xx-small;\">\u00a0<\/span><\/span><span lang=\"NL\" style=\"text-indent: -18pt; font-family: Calibri, sans-serif; font-size: 11pt;\">Facebook: <a style=\"color: #0563c1;\" href=\"https:\/\/fr-fr.facebook.com\/help\/109378269482053\">pr\u00e9f\u00e9rences publicitaires,<\/a> <a style=\"color: #0563c1;\" href=\"https:\/\/www.facebook.com\/ads\/settings\">configuration des pubs<\/a><\/span><\/p><p style=\"margin: 6pt 0cm 0cm 36pt; text-align: justify; line-height: 16.8667px; color: #000000; text-indent: -18pt;\"><span lang=\"NL\" style=\"text-indent: -18pt; font-family: Symbol; font-size: 11pt;\">\u00b7<\/span><span lang=\"NL\" style=\"text-indent: -18pt;\"><span style=\"font-family: Times New Roman; font-size: xx-small;\">\u00a0<\/span><\/span><span lang=\"NL\" style=\"text-indent: -18pt; font-family: Calibri, sans-serif; font-size: 11pt;\">Google: <a style=\"color: #0563c1;\" href=\"https:\/\/tools.google.com\/dlpage\/gaoptout?hl=None\">module compl\u00e9mentaire de navigateur pour la d\u00e9sactivation de Google Analytics,<\/a> <a style=\"color: #0563c1;\" href=\"https:\/\/support.google.com\/ads\/answer\/2662856?co=GENIE.Platform=Android&amp;hl=fr-419\">d\u00e9sactivation des annonces personnalis\u00e9es,<\/a><span style=\"color: #0563c1; text-decoration-line: underline;\">,<\/span> <a style=\"color: #0563c1;\" href=\"https:\/\/chrome.google.com\/webstore\/detail\/iba-opt-out-by-google\/gbiekjoijknlhijdjbaadobpkdhmoebb?hl=fr\">extension de Google Chrome pour l\u2019opt-out des cookies publicitaires de DoubleClick<\/a><\/span><\/p><p style=\"margin: 0cm 0cm 6pt 36pt; text-align: justify; line-height: 16.8667px; font-size: 11pt; font-family: Calibri, sans-serif; color: #000000;\"><span lang=\"NL\">\u00a0<\/span><\/p><p style=\"margin: 0cm 0cm 8pt; line-height: 15.6933px; font-size: 11pt; font-family: Calibri, sans-serif; color: #000000; text-align: justify;\"><span lang=\"NL\">Sans pr\u00e9judice de ce qui pr\u00e9c\u00e8de, sachez que la d\u00e9sactivation des cookies est susceptible d\u2019avoir une incidence sur le bon fonctionnement de certaines sections et de certains contenus du site Web. Si vous d\u00e9cidez de ne pas accepter ou de bloquer certains cookies, il se peut que le fonctionnement normal du site Web en soit affect\u00e9, en totalit\u00e9 ou en partie, ou que l\u2019acc\u00e8s \u00e0 certains services du site ne soit plus disponible.<\/span><\/p><p style=\"margin: 0cm 0cm 8pt; line-height: 15.6933px; font-size: 11pt; font-family: Calibri, sans-serif; color: #000000; text-align: justify;\"><span lang=\"NL\">\u00a0<\/span><\/p><div><div><div><p style=\"margin: 0cm 0cm 8pt; line-height: 15.6933px; text-align: justify;\">INFORMATIONS SUR LA PROTECTION DES DONN\u00c9ES \u00c0 CARACT\u00c8RE PERSONNEL<\/p><p style=\"margin: 0cm 0cm 8pt; line-height: 15.6933px; font-size: 11pt; font-family: Calibri, sans-serif; color: #000000; text-align: justify;\"><span lang=\"NL\" style=\"font-size: 11.5pt; line-height: 16.4067px;\">Vous trouverez ci-dessous des informations sur le traitement des donn\u00e9es \u00e0 caract\u00e8re personnel. <\/span><span lang=\"NL\">Pour plus d\u2019informations sur le traitement des donn\u00e9es, vous pouvez consulter notre\u00a0<a href=\"https:\/\/aiki.be\/fr\/privacy-policy\/\" target=\"_blank\" rel=\"noopener\">Politique de vie priv\u00e9e<\/a>\u00a0.<\/span><\/p><p style=\"margin: 0cm 0cm 8pt; line-height: 15.6933px; font-size: 11pt; font-family: Calibri, sans-serif; color: #000000; text-align: center;\" align=\"center\"><b><span lang=\"NL\">\u00a0<\/span><\/b><\/p><p style=\"margin: 0cm 0cm 8pt; line-height: 15.6933px; font-size: 11pt; font-family: Calibri, sans-serif; color: #000000; text-align: left;\" align=\"center\"><b><span lang=\"NL\">Base juridique du traitement<\/span><\/b><\/p><p style=\"margin: 0cm 0cm 8pt; line-height: 15.6933px; font-size: 11pt; font-family: Calibri, sans-serif; color: #000000; text-align: justify;\"><span lang=\"NL\">La base juridique du traitement est le consentement octroy\u00e9 pour l\u2019utilisation des cookies. Comme indiqu\u00e9 dans la section \u00ab COMMENT MODIFIER LA CONFIGURATION DES COOKIES ? \u00bb, vous pouvez r\u00e9voquer ce consentement.<\/span><\/p><p style=\"margin: 0cm; font-size: 12pt; font-family: 'Calibri Light', sans-serif; color: #000000; text-align: left;\" align=\"center\"><a><b><span lang=\"NL\" style=\"font-size: 11pt; font-family: Calibri, sans-serif; color: windowtext;\">Destinataires des cookies<\/span><\/b><\/a><b><\/b><\/p><p style=\"margin: 0cm; font-size: 12pt; font-family: 'Calibri Light', sans-serif; color: #000000; text-align: center;\" align=\"center\"><b><span lang=\"NL\" style=\"font-size: 11pt; font-family: Calibri, sans-serif; color: windowtext;\">\u00a0<\/span><\/b><\/p><p style=\"margin: 0cm 0cm 8pt; line-height: 15.6933px; font-size: 11pt; font-family: Calibri, sans-serif; color: #000000; text-align: justify;\"><span lang=\"NL\">Si vous acceptez l\u2019utilisation des cookies, les entit\u00e9s identifi\u00e9es dans la section \u00ab QUELS COOKIES UTILISONS-NOUS ? \u00bb traitent les donn\u00e9es collect\u00e9es au moyen des technologies indiqu\u00e9es aux fins mentionn\u00e9es. Dans cette m\u00eame section, vous pouvez \u00e9galement consulter les informations de tiers sur leurs destinataires.<\/span><\/p><p style=\"margin: 0cm 0cm 8pt; line-height: 15.6933px; font-size: 11pt; font-family: Calibri, sans-serif; color: #000000; text-align: justify;\"><span lang=\"NL\" style=\"font-size: 11.5pt; line-height: 16.4067px;\">\u00a0<\/span><\/p><p style=\"margin: 0cm 0cm 8pt; line-height: 15.6933px; font-size: 11pt; font-family: Calibri, sans-serif; color: #000000; text-align: left;\" align=\"center\"><b><span lang=\"NL\">Transfert vers des pays tiers<\/span><\/b><\/p><p style=\"margin: 0cm 0cm 8pt; line-height: 15.6933px; font-size: 11pt; font-family: Calibri, sans-serif; color: #000000; text-align: justify;\"><a><span lang=\"NL\">Nous vous informons que GB FOODS BELGIUM NV \/ S.A. (\u201cGB Foods\u201d) n\u2019effectue aucun transfert de donn\u00e9es \u00e0 caract\u00e8re personnel hors de l\u2019Espace \u00e9conomique europ\u00e9en.<\/span><\/a><\/p><p style=\"margin: 0cm 0cm 8pt; line-height: 15.6933px; font-size: 11pt; font-family: Calibri, sans-serif; color: #000000; text-align: justify;\"><span lang=\"NL\" style=\"font-size: 11pt; text-indent: -18pt; line-height: 16.8667px; font-family: Symbol;\"><span style=\"font-family: Calibri, sans-serif; font-size: 11pt;\">Concernant les cookies de tiers, Google\/YouTube et Facebook effectuent des transferts de donn\u00e9es internationaux vers les \u00c9tats-Unis d\u2019Am\u00e9rique. Les liens ci-dessous vous permettent d\u2019identifier les m\u00e9canismes \u00e9tablis pour garantir un niveau de protection conforme au r\u00e8glement g\u00e9n\u00e9ral europ\u00e9en sur la protection des donn\u00e9es \u00e0 caract\u00e8re personnel.<\/span><\/span><\/p><p style=\"margin: 0cm 0cm 8pt; line-height: 15.6933px; font-size: 11pt; font-family: Calibri, sans-serif; color: #000000; text-align: justify;\"><span lang=\"NL\" style=\"font-size: 11pt; text-indent: -18pt; line-height: 16.8667px; font-family: Symbol;\">\u00a0 \u00a0 \u00a0 \u00a0\u00b7<span style=\"font-variant-numeric: normal; font-variant-east-asian: normal; font-stretch: normal; font-size: 7pt; line-height: normal; font-family: 'Times New Roman';\">\u00a0 \u00a0 \u00a0 \u00a0<\/span><\/span><span lang=\"NL\" style=\"font-size: 11pt; text-indent: -18pt;\">Informations sur les transferts internationaux de donn\u00e9es effectu\u00e9s par Google\/YouTube (<a style=\"color: #0563c1;\" href=\"https:\/\/policies.google.com\/privacy\/frameworks?hl=fr-419\">cadres pour les transferts de donn\u00e9es<\/a>).<\/span><\/p><p style=\"margin: 0cm 0cm 6pt 36pt; text-align: justify; line-height: 16.8667px; font-size: 11pt; font-family: Calibri, sans-serif; color: #000000; text-indent: -18pt;\"><span lang=\"NL\" style=\"line-height: 16.8667px; font-family: Symbol;\">\u00b7<span style=\"font-variant-numeric: normal; font-variant-east-asian: normal; font-stretch: normal; font-size: 7pt; line-height: normal; font-family: 'Times New Roman';\">\u00a0\u00a0\u00a0\u00a0\u00a0\u00a0 <\/span><\/span><span lang=\"NL\">Informations sur les transferts internationaux de donn\u00e9es effectu\u00e9s par Facebook (<a style=\"color: #0563c1;\" href=\"https:\/\/fr-fr.facebook.com\/privacy\/explanation\">transferts de donn\u00e9es<\/a>).<\/span><\/p><p style=\"margin: 0cm 0cm 6pt 36pt; text-align: justify; line-height: 16.8667px; font-size: 11pt; font-family: Calibri, sans-serif; color: #000000; text-indent: -18pt;\"><span lang=\"NL\">\u00a0<\/span><\/p><div><div><div><p style=\"margin: 6pt 0cm; text-align: justify;\">MISES \u00c0 JOUR ET MODIFICATIONS DE LA POLITIQUE DE COOKIES<\/p><p style=\"margin: 0cm 0cm 8pt; line-height: 15.6933px; font-size: 11pt; font-family: Calibri, sans-serif; color: #000000; text-align: justify;\"><span lang=\"NL\">Nous sommes susceptibles de modifier la pr\u00e9sente politique de cookies pour l\u2019adapter aux cookies que nous utilisons et en fonction des nouvelles exigences l\u00e9gales et r\u00e9glementaires, ou afin de l\u2019adapter aux instructions des autorit\u00e9s comp\u00e9tentes.<\/span><\/p><p style=\"margin: 0cm 0cm 8pt; line-height: 15.6933px; font-size: 11pt; font-family: Calibri, sans-serif; color: #000000; text-align: justify;\"><span lang=\"NL\">En cas de modifications importantes de la pr\u00e9sente politique de cookies, l\u2019utilisateur en sera inform\u00e9 par le biais d\u2019un message d\u2019information sur le site Web. Si vous souhaitez obtenir plus d\u2019informations sur l\u2019utilisation que nous faisons des cookies, vous pouvez nous contacter \u00e0 l\u2019adresse \u00e9lectronique <a style=\"color: #0563c1;\" href=\"mailto:dataprivacy@thegbfoods.com\">dataprivacy@thegbfoods<\/a>.<b><\/b><\/span><\/p><p style=\"margin: 0cm 0cm 8pt; line-height: 15.6933px; font-size: 11pt; font-family: Calibri, sans-serif; color: #000000; text-align: justify;\"><span lang=\"NL\">Derni\u00e8re mise \u00e0 jour : Juin 2023<\/span><\/p><\/div><\/div><\/div><\/div><\/div><\/div><p><!-- \/wp:paragraph --><\/p>\t\t\t\t\t<\/div>\n\t\t\t\t\t\t<\/div>\n\t\t\t\t<\/div>\n\t\t\t\t\t\t<\/div>\n\t\t\t\t\t<\/div>\n\t\t<\/div>\n\t\t\t\t\t\t\t\t<\/div>\n\t\t\t\t\t<\/div>\n\t\t<\/section>\n\t\t\t\t\t\t\t\t\t<\/div>\n\t\t\t<\/div>\n\t\t\t\t\t<\/div>","protected":false},"excerpt":{"rendered":"<p>GB FOODS BELGIUM NV \/ S.A. (\u201cGB Foods\u201d)\u00a0informeert u dat deze website cookies gebruikt zoals in dit beleid wordt beschreven. WAT ZIJN COOKIES? Cookies zijn tekstbestanden die kleine hoeveelheden informatie bevatten, die op uw computer of elektronisch apparaat worden opgeslagen wanneer u een website bezoekt. Deze website gebruikt sessiecookies en permanente cookies, die op hun [&hellip;]<\/p>","protected":false},"author":3,"featured_media":0,"parent":0,"menu_order":0,"comment_status":"closed","ping_status":"closed","template":"","meta":{"_eb_attr":"","_mi_skip_tracking":false,"_monsterinsights_sitenote_active":false,"_monsterinsights_sitenote_note":"","_monsterinsights_sitenote_category":0,"footnotes":""},"class_list":["post-1460","page","type-page","status-publish","hentry","entry"],"acf":[],"_links":{"self":[{"href":"https:\/\/aiki.be\/fr\/wp-json\/wp\/v2\/pages\/1460"}],"collection":[{"href":"https:\/\/aiki.be\/fr\/wp-json\/wp\/v2\/pages"}],"about":[{"href":"https:\/\/aiki.be\/fr\/wp-json\/wp\/v2\/types\/page"}],"author":[{"embeddable":true,"href":"https:\/\/aiki.be\/fr\/wp-json\/wp\/v2\/users\/3"}],"replies":[{"embeddable":true,"href":"https:\/\/aiki.be\/fr\/wp-json\/wp\/v2\/comments?post=1460"}],"version-history":[{"count":61,"href":"https:\/\/aiki.be\/fr\/wp-json\/wp\/v2\/pages\/1460\/revisions"}],"predecessor-version":[{"id":13606,"href":"https:\/\/aiki.be\/fr\/wp-json\/wp\/v2\/pages\/1460\/revisions\/13606"}],"wp:attachment":[{"href":"https:\/\/aiki.be\/fr\/wp-json\/wp\/v2\/media?parent=1460"}],"curies":[{"name":"wp","href":"https:\/\/api.w.org\/{rel}","templated":true}]}}